{"id":13,"date":"2019-02-21T09:33:28","date_gmt":"2019-02-21T09:33:28","guid":{"rendered":"https:\/\/pp-relaunch.arnold-bittlinger.ch\/?page_id=13"},"modified":"2020-02-14T06:29:06","modified_gmt":"2020-02-14T06:29:06","slug":"presse","status":"publish","type":"page","link":"https:\/\/arnold-bittlinger.ch\/index.php\/presse\/","title":{"rendered":"Presse"},"content":{"rendered":"\n<div class=\"wp-block-image\"><figure class=\"alignleft is-resized\"><img loading=\"lazy\" decoding=\"async\" src=\"https:\/\/arnold-bittlinger.ch\/wp-content\/uploads\/2019\/07\/AB-Strom3-grau-4.jpg\" alt=\"\" class=\"wp-image-109\" width=\"217\" height=\"252\"\/><\/figure><\/div>\n\n\n\n\n\n<h4 class=\"wp-block-heading\">S\u00fcdkurier Nr. 75<br>vom Samstag, 30. M\u00e4rz 2013<\/h4>\n\n\n\n<h3 class=\"wp-block-heading\">Ein Leben f\u00fcr die \u00d6kumene<\/h3>\n\n\n\n<p>Klettgau &#8211; Seit 1993 lebt der renommierte Theologe und Psychologe Arnold Bitttinger in Erzingen. Der 85-J\u00e4hrige hat rund 100 B\u00fccher verfasst. Vor Kurzem ist der vierte Band seiner autobiographischen Erinnerungen mit dem Titel <a href=\"https:\/\/metanoia-verlag.ch\/produkt\/oft-auch-gegen-den-strom-bd-4\/\" target=\"_blank\" rel=\"noreferrer noopener\">\u00abOft auch gegen den Strom \u2013 Meine innere Reise\u00bb<\/a> erschienen.<\/p>\n\n\n\n<p>Als Sohn des Pf\u00e4lzischen Landesjugendpfarrers hatte Bittlinger mit 18 Jahren drei W\u00fcnsche: \u00abIch m\u00f6chte die Bibel kennenlernen, ich m\u00f6chte die Welt kennenlernen und ich m\u00f6chte die Mensehen kennenlernen.\u00bb Er entschied sich f\u00fcr das Theologie- und Psychologiestudium und studierte \u2013 um die Welt kennenzulernen \u2013 in Frankreich, England und den USA. Er schloss mit dem Examen in Theologie, mit dem Diplom in Analytischer Psychologie, mit dem Dr. phil. und dem Diplom des \u00d6kumenischen Instituts der Uni Genf ab.<\/p>\n\n\n\n<p>Nach Stationen als Vikar (Kaiserslautern), Pfarrverweser (Speyer), Leiter der Sch\u00fclermission in Deutschland, und nach dem zweiten theologischen Examen, reiste Bittlinger als Leiter des Volksmissionarischen Amtes der Pf\u00e4lzischen Landeskirche zum Studium von Fragen des missionarischen Gemeindeaufbaus Anfang der 60er Jahre durch die USA. 1970\/71 wirkte er am Institut f\u00fcr \u00f6kumenische und kulturelle Forschung in Collegeville, Minnesota und war Dozent an der St. Johns University.<\/p>\n\n\n\n<p>Dort befasste sich Bittlinger mit dem Thema der Integration anderer religi\u00f6ser Traditionen in die Christliche Welt.<\/p>\n\n\n\n<p>Als Mitglied des Weltkirchenrates war Bittlinger Berater f\u00fcr die charismatische Erneuerung und arbeitete im Team des Dialogs zwischen der r\u00f6mischen katholischen Kirche und der pfingstlich\/charismatischen Erneuerungsbewegung und verfasste den Berichtsband dieses f\u00fcnfj\u00e4hrigen Dialoges.<\/p>\n\n\n\n<p>W\u00e4hrend seiner \u00f6kumenischen T\u00e4tigkeit ist Arnold Bittlinger auch zwei amtierenden P\u00e4psten \u2013 Paul VI. und Johannes Paul I. \u2013 und zwei zuk\u00fcnftigen P\u00e4psten \u2013 Johannes Paul II. und Benedikt XVI. \u2013 pers\u00f6nlich begegnet. \u00abAlbino Luciani, dem sp\u00e4teren Papst Johannes Paul I., bin ich 1975 bei einer Dialogsitzung in Venedig begegnet, dort residierte dieser zu jener Zeit als Patriarch. Da er flie\u00dfend Deutsch, aber kein Englisch sprach und ich der einzige Deutschsprachige im Core-Team war, wurde ich gebeten, als Dolmetscher f\u00fcr den Patriarchen zu fungieren. In den Pausen gab es Gelegenheit zu pers\u00f6nlichen Gespr\u00e4chen. Dabei sagte er mir, dass er viel lieber Dorfpfarrer w\u00e4re als Patriarch von Venedig.\u00bb Luciani hatte keinerlei Probleme mit der charismatischen Erneuerung: \u00abSie ist ein Segen f\u00fcr unsere Kirche.\u00bb Nach wenigen Wochen als Papst Johannes Paul I. war Luciani tot.<\/p>\n\n\n\n<p>1968 gr\u00fcndete Bittlinger mit einem Franziskanerpater und einem freikirchlichen Pastor in Schloss Cralheim bei W\u00fcrzburg das \u00abLebenszentrum f\u00fcr die Einheit der Christen\u00bb und eine \u00d6kumenische Akademie. Dort war es selbstverst\u00e4ndlich, dass das Abendmahl in Gemeinschaft mit katholischen, orthodoxen, evangelischen und anglikanischen Christen gefeiert wird. \u00abEs ist wichtig, auch die charismatischen Gaben von anderen Religionen ernst zu nehmen\u00bb, so Bittlinger zu seiner \u00f6kumenischen \u00dcberzeugung. Oft sind die Thesen und Ver\u00f6ffentlichungen des Wahl-Erzingers bei konservativen Christen auf heftige Kritik gesto\u00dfen. Daher r\u00fchrt auch der Titel seiner letzten Buchreihe. \u00abIch war stets offen f\u00fcr neue Herausforderungen und bin oft neue Wege gegangen. Durch die Arbeit als Psychotherapeut lernte ich nicht nur die Abgr\u00fcnde in anderen Menschen, sondern auch in mir selbst kennen und erkannte die unendliche Vergebungsbereitschaft Gottes.\u00bb<\/p>\n\n\n\n<p>Im Sommer 2012 musste der bis dahin sehr agile und aktive Senior aufgrund von gesundheitlichen Problemen seine weltweite T\u00e4tigkeit bei Kongressen einstellen. Aktuell besch\u00e4ftigt sich der Wahl-Erzinger mit dem Thema Tod, welches er bereits in seinen Abhandlungen \u00fcber M\u00e4rchen und auch in der Traumdeutung verfolgt hat. \u00abDer Tod ist f\u00fcr mich ein gro\u00dfer Unbekannter&nbsp;\u2026\u00bb<\/p>\n\n\n\n<p>Heidrun Glaser<\/p>\n\n\n\n<hr class=\"wp-block-separator\"\/>\n\n\n\n<h4 class=\"wp-block-heading\">Schaffhauser Nachrichten, Region, 19. Juli 2008<\/h4>\n\n\n\n<p>Arnold Bittlinger zum 80. Geburtstag<\/p>\n\n\n\n<h2 class=\"wp-block-heading\">Er wirkte in Oberhallau und in der ganzen Welt<\/h2>\n\n\n\n<p>Oberhallau Im Juli 1977 wurde Dr. Arnold Bittlinger vom Weltkirchenrat zur Mitarbeit im Ressort \u00abErneuerung und Gemeindeleben\u00bb nach Genf berufen. Da es sich bei dieser Berufung um einen Teilzeitauftrag handelte, hielt Arnold Bittlinger Ausschau nach einer kleinen Schweizer Gemeinde, deren Betreuung er mit seinem weltweiten Auftrag verbinden konnte.<\/p>\n\n\n\n<p>Nachdem er im Kanton Schaffhausen f\u00fcndig geworden war, wurde er im September 1977 zum Pfarrer der Klettgauer Weinbaugemeinde Oberhallau gew\u00e4hlt.<br>In Absprache zwischen dem Evangelisch-Reformierten Kirchenrat des Kantons Schaffhausen und dem Weltkirchenrat wurde die \u00abAufteilung\u00bb des Pfarrers zwischen Oberhallau und Genf vereinbart und beschlossen. Diese Vereinbarung hat sich als fruchtbar erwiesen.<\/p>\n\n\n\n<p>Einerseits wurde der Oberhallauer Pfarrer vor dem Abheben bei seiner weltweiten \u00f6kumenischen T\u00e4tigkeit bewahrt, andererseits hat er Oberhallau durch regelm\u00e4ssige Berichte \u00fcber seine Arbeit und durch Besucherinnen und Besucher aus anderen L\u00e4ndern und Konfessionen mit hineingenommen in das Erleben eines gr\u00f6sseren Christentums.<br>Im Kanton Schaffhausen wirkte Arnold Bittlinger neben seiner T\u00e4tigkeit in Oberhallau in der Synode der Evang.-Reformierten Kirche mit (zuletzt als Vizepr\u00e4sident) und von 1984 bis zu seiner Pensionierung (1993) als Seelsorger und Psychotherapeut im Psychiatriezentrum Schaffhausen und als Dozent an der mit dem Psychiatriezentrum verbundenen Schule f\u00fcr Psychiatrische Krankenpflege (Dr. Bittlinger hat nicht nur Theologie, sondern auch Psychologie studiert).<\/p>\n\n\n\n<p>Im Jahre des 700-Jahr-Jubil\u00e4ums der Schweizerischen Eidgenossenschaft (1991) wurde Arnold Bittlinger, Sohn eines els\u00e4ssischen Vaters und einer pf\u00e4lzischen Mutter, in das Schweizer B\u00fcrgerrecht aufgenommen und B\u00fcrger von Oberhallau.<br>Seine Verbundenheit mit seiner Heimatgemeinde und mit der Schweiz zeigen verschiedene Publikationen, so sein Buch \u00abWenn Steine reden \u2013 das Kirchenjahr im Spiegel der Oberhallauer Grabsteinsymbole\u00bb (erschienen im Metanoia-Verlag) und seine vielbeachtete Oberhallauer Festrede zum Nationalfeiertag 2006 mit dem Titel \u00abDas Land ist es wert, gelobt zu werden\u00bb (nachzulesen im Internet unter www.bittlinger.ch).<br>Nach seiner Pensionierung war Arnold Bittlinger als Dozent und Ausbildungsanalytiker am C.-G.-Jung-Institut Z\u00fcrich t\u00e4tig und als Psychotherapeut mit Praxis in Z\u00fcrich und Schaffhausen.Trotz seines hohen Alters ist er, Autor einer Vielzahl weit verbreiteter Publikationen, noch immer ein gefragter Referent und Kursleiter.<br>Wir w\u00fcnschen alles Gute f\u00fcr seinen weiteren Lebensweg. (He. Do.)<\/p>\n\n\n\n<hr class=\"wp-block-separator\"\/>\n\n\n\n<figure class=\"wp-block-image alignnone size-full wp-image-121\"><img loading=\"lazy\" decoding=\"async\" width=\"240\" height=\"167\" src=\"https:\/\/arnold-bittlinger.ch\/wp-content\/uploads\/2019\/07\/AB-mit-Buechern.jpg\" alt=\"\" class=\"wp-image-121\"\/><figcaption>Arnold Bittlinger an seinem Schreibtisch<\/figcaption><\/figure>\n\n\n\n<h4 class=\"wp-block-heading\">Edenkobener Rundschau, Nr. 25 (19. Juni 2008)<\/h4>\n\n\n\n<h2 class=\"wp-block-heading\">Arnold Bittlinger feierte seinen 8O. Geburtstag in Edenkoben<\/h2>\n\n\n\n<p>Edenkoben \u2013 Im Kreise von Verwandten und Freunden feierte Dr. Arnold Bittlinger, geb\u00fcrtiger Edenkobener, Sohn des langj\u00e4hrigen Edenkobener Pfarrers (1934\u20131954) Georg Bittlinger, im Parkhotel Edenkoben seinen 80. Geburtstag.<\/p>\n\n\n\n<p>Der vielgereiste Theologe und Psychologe erz\u00e4hlte am 12. Juni unter der \u00dcberschrift \u00abMein Leben zwischen Reben\u00bb seine Erlebnisse in den neun Weinbaugebieten, in denen er w\u00e4hrend seiner bisherigen Erdenwanderung gelebt und gewirkt hat. Anschlie\u00dfend degustierten die Geburtstagsg\u00e4ste unter sachkundiger Leitung ausgew\u00e4hlte Weine aus diesen neun Weinbaugebieten. Kr\u00f6nender Abschluss der festlichen Weinprobe bildete ein 1979er Gew\u00fcrztraminer \u2013 eine Sp\u00e4tlese Edenkobener Heilig Kreuz.<\/p>\n\n\n\n<p>Am n\u00e4chsten Morgen fand in der evangelischen Kirche von Maikammer \u2013 dort wurde der kleine Arnold vor 80 Jahren getauft \u2013 unter Leitung des bekannten Liedermachers Pfarrer Clemens Bittlinger (Sohn von Arnold B.) ein Dankgottesdienst statt.<\/p>\n","protected":false},"excerpt":{"rendered":"<p>S\u00fcdkurier Nr. 75vom Samstag, 30. M\u00e4rz 2013 Ein Leben f\u00fcr die \u00d6kumene Klettgau &#8211; Seit 1993 lebt der renommierte Theologe und Psychologe Arnold Bitttinger in Erzingen. Der 85-J\u00e4hrige hat rund 100 B\u00fccher verfasst. Vor Kurzem ist der vierte Band seiner autobiographischen Erinnerungen mit dem Titel \u00abOft auch gegen den Strom \u2013 Meine innere Reise\u00bb erschienen. &#8230; <a title=\"Presse\" class=\"read-more\" href=\"https:\/\/arnold-bittlinger.ch\/index.php\/presse\/\" aria-label=\"Read more about Presse\">mehr&#8230;<\/a><\/p>\n","protected":false},"author":2,"featured_media":0,"parent":0,"menu_order":0,"comment_status":"closed","ping_status":"closed","template":"","meta":{"footnotes":""},"class_list":["post-13","page","type-page","status-publish"],"_links":{"self":[{"href":"https:\/\/arnold-bittlinger.ch\/index.php\/wp-json\/wp\/v2\/pages\/13","targetHints":{"allow":["GET"]}}],"collection":[{"href":"https:\/\/arnold-bittlinger.ch\/index.php\/wp-json\/wp\/v2\/pages"}],"about":[{"href":"https:\/\/arnold-bittlinger.ch\/index.php\/wp-json\/wp\/v2\/types\/page"}],"author":[{"embeddable":true,"href":"https:\/\/arnold-bittlinger.ch\/index.php\/wp-json\/wp\/v2\/users\/2"}],"replies":[{"embeddable":true,"href":"https:\/\/arnold-bittlinger.ch\/index.php\/wp-json\/wp\/v2\/comments?post=13"}],"version-history":[{"count":18,"href":"https:\/\/arnold-bittlinger.ch\/index.php\/wp-json\/wp\/v2\/pages\/13\/revisions"}],"predecessor-version":[{"id":291,"href":"https:\/\/arnold-bittlinger.ch\/index.php\/wp-json\/wp\/v2\/pages\/13\/revisions\/291"}],"wp:attachment":[{"href":"https:\/\/arnold-bittlinger.ch\/index.php\/wp-json\/wp\/v2\/media?parent=13"}],"curies":[{"name":"wp","href":"https:\/\/api.w.org\/{rel}","templated":true}]}}