{"id":6,"date":"2019-02-21T09:31:50","date_gmt":"2019-02-21T09:31:50","guid":{"rendered":"https:\/\/pp-relaunch.arnold-bittlinger.ch\/?page_id=6"},"modified":"2025-04-18T14:07:20","modified_gmt":"2025-04-18T14:07:20","slug":"startseite","status":"publish","type":"page","link":"https:\/\/arnold-bittlinger.ch\/","title":{"rendered":"Startseite"},"content":{"rendered":"\r\n<h2 class=\"wp-block-heading\">Das Vaterunser<\/h2>\r\n\r\n\r\n\r\n<div class=\"wp-block-image\">\r\n<figure class=\"alignleft\"><img decoding=\"async\" src=\"https:\/\/arnold-bittlinger.ch\/wp-content\/uploads\/2020\/02\/E38m200.jpg\" alt=\"Titelbild\" \/><\/figure>\r\n<\/div>\r\n\r\n\r\n\r\n<h3 class=\"wp-block-heading\">erlebt im Licht von Tiefenpsychologie und Chakrenmeditation<\/h3>\r\n\r\n\r\n\r\n<p>Tiefenpsychologisch gedeutet und erlebt in der Chakrenmeditation, werden die Vaterunser-Rufe zur Erfahrung einer k\u00f6rpernahen Religiosit\u00e4t, die der Erde und dem Himmel verbunden ist. \u00d6ffnet die tiefenpsychologische Deutung das Herz f\u00fcr den umfassenden Reifungsweg in diesem Text, so verbindet die Zuordnung der Vater\u00adunser-\u00adBitten zu den sieben menschlichen Energiezentren \u2013 den Chakren \u2013 K\u00f6rper, Erde und Geist. All dies bleibt nicht Theorie: Jeder Vaterunser-Aussage sind Meditationen zum \u00fcbenden Nachvollzug beigef\u00fcgt.<\/p>\r\n\r\n\r\n\r\n<p><em>zu bestellen bei: <\/em><a href=\"https:\/\/metanoia-verlag.ch\/produkt\/das-vaterunser-2\/\" target=\"_blank\" rel=\"noreferrer noopener\">www.metanoia-verlag.ch<\/a><\/p>\r\n\r\n\r\n\r\n<h2 class=\"wp-block-heading\">Aus der Freude leben<\/h2>\r\n\r\n\r\n\r\n<div class=\"wp-block-image\">\r\n<figure class=\"alignleft\"><img decoding=\"async\" src=\"https:\/\/arnold-bittlinger.ch\/wp-content\/uploads\/2020\/02\/aus-der-freude-leben-ABi.jpg\" alt=\"Titelbild\" \/><\/figure>\r\n<\/div>\r\n\r\n\r\n\r\n<h3 class=\"wp-block-heading\">Der Apostel Paulus schreibt an die Christen in Philippi<\/h3>\r\n\r\n\r\n\r\n<p>Durch Studien und Forschungsreisen ist Arnold Bittlinger wohlvertraut mit der Umwelt und Zeitgeschichte des Neuen Testaments. Als\u00a0Psychoanalytiker und Theologe, der\u00a0sich viele Jahre lang mit Fragen des Gemeindeaufbaus befasst hat, kann er sich in kompetenter Weise in die pers\u00f6nliche Situation der Christen in Philippi und in die Probleme ihrer Gemeinde einf\u00fchlen.<\/p>\r\n\r\n\r\n\r\n<p><em>zu bestellen bei: <\/em><a href=\"https:\/\/metanoia-verlag.ch\/produkt\/aus-der-freude-leben\/\" target=\"_blank\" rel=\"noreferrer noopener\">www.metanoia-verlag.ch<\/a><\/p>\r\n\r\n\r\n\r\n<h3 class=\"wp-block-heading\">\u00dcber Arnold Bittlinger<\/h3>\r\n\r\n\r\n\r\n<p>Dr. Arnold Bittlinger (1928\u20132025, <a href=\"https:\/\/arnold-bittlinger.ch\/index.php\/lebenslauf\/\">Lebenslauf<\/a>) war Analytischer Psychologe und Theologe, ausserdem Dozent am C.G. Jung-Institut in Z\u00fcrich sowie Psychotherapeut und Kursleiter (u.a. bei den Tagungen der Internationalen Gesellschaft f\u00fcr Tiefenpsychologie). Er hinterl\u00e4sst ein bedeutendes Erbe in Theologie und Psychologie, das weiterhin Einfluss auf diese Bereiche haben wird.<\/p>\r\n\r\n\r\n\r\n<h3 class=\"wp-block-heading\">Interview mit A. Bittlinger<\/h3>\r\n\r\n\r\n\r\n<p>Arnold Bittlinger \u00fcber Maria von Magdala, die Jesus auf seinem Weg begleitete und zu einer der spannendsten Frauen der Kirche wurde.<\/p>\r\n\r\n\r\n\r\n<p><a href=\"\/index.php\/interview-mit-a-bittlinger\/\">Interview lesen<\/a><\/p>\r\n","protected":false},"excerpt":{"rendered":"<p>Das Vaterunser erlebt im Licht von Tiefenpsychologie und Chakrenmeditation Tiefenpsychologisch gedeutet und erlebt in der Chakrenmeditation, werden die Vaterunser-Rufe zur Erfahrung einer k\u00f6rpernahen Religiosit\u00e4t, die der Erde und dem Himmel verbunden ist. \u00d6ffnet die tiefenpsychologische Deutung das Herz f\u00fcr den umfassenden Reifungsweg in diesem Text, so verbindet die Zuordnung der Vater\u00adunser-\u00adBitten zu den sieben menschlichen &#8230; <a title=\"Startseite\" class=\"read-more\" href=\"https:\/\/arnold-bittlinger.ch\/\" aria-label=\"Read more about Startseite\">mehr&#8230;<\/a><\/p>\n","protected":false},"author":2,"featured_media":0,"parent":0,"menu_order":0,"comment_status":"closed","ping_status":"closed","template":"","meta":{"footnotes":""},"class_list":["post-6","page","type-page","status-publish"],"_links":{"self":[{"href":"https:\/\/arnold-bittlinger.ch\/index.php\/wp-json\/wp\/v2\/pages\/6","targetHints":{"allow":["GET"]}}],"collection":[{"href":"https:\/\/arnold-bittlinger.ch\/index.php\/wp-json\/wp\/v2\/pages"}],"about":[{"href":"https:\/\/arnold-bittlinger.ch\/index.php\/wp-json\/wp\/v2\/types\/page"}],"author":[{"embeddable":true,"href":"https:\/\/arnold-bittlinger.ch\/index.php\/wp-json\/wp\/v2\/users\/2"}],"replies":[{"embeddable":true,"href":"https:\/\/arnold-bittlinger.ch\/index.php\/wp-json\/wp\/v2\/comments?post=6"}],"version-history":[{"count":12,"href":"https:\/\/arnold-bittlinger.ch\/index.php\/wp-json\/wp\/v2\/pages\/6\/revisions"}],"predecessor-version":[{"id":447,"href":"https:\/\/arnold-bittlinger.ch\/index.php\/wp-json\/wp\/v2\/pages\/6\/revisions\/447"}],"wp:attachment":[{"href":"https:\/\/arnold-bittlinger.ch\/index.php\/wp-json\/wp\/v2\/media?parent=6"}],"curies":[{"name":"wp","href":"https:\/\/api.w.org\/{rel}","templated":true}]}}