{"id":89,"date":"2019-06-26T07:58:20","date_gmt":"2019-06-26T07:58:20","guid":{"rendered":"https:\/\/pp-relaunch.arnold-bittlinger.ch\/?page_id=89"},"modified":"2019-06-26T07:59:33","modified_gmt":"2019-06-26T07:59:33","slug":"impressum-datenschutzerklaerung","status":"publish","type":"page","link":"https:\/\/arnold-bittlinger.ch\/index.php\/impressum-datenschutzerklaerung\/","title":{"rendered":"Impressum &#038; Datenschutzerkl\u00e4rung"},"content":{"rendered":"\n<h2 class=\"wp-block-heading\">Verantwortlich f\u00fcr den Inhalt der Seiten:<\/h2>\n\n\n\n<p>Picture-Planet GmbH<br>\nGertrudstrasse 17<br>\nCH-8400 Winterthur<\/p>\n\n\n\n<p>Tel. 052 551 04 40<br> <a href=\"mailto:info@picture-planet.ch\">info@picture-planet.ch<\/a><\/p>\n\n\n\n<p>Gegr\u00fcndet 2001<br>\nUID CHE-102.077.190<\/p>\n\n\n\n<h2 class=\"wp-block-heading\">Datenschutzerkl\u00e4rung<\/h2>\n\n\n\n<p>Der Schutz Ihrer pers\u00f6nlichen Daten ist uns sehr wichtig. Unsere Webseite kann deshalb grunds\u00e4tzlich ohne jede Angabe personenbezogener Daten genutzt werden. F\u00fcr einige Funktionen setzen wir allerdings Technologien ein, die gewisse Daten verarbeiten m\u00fcssen, um ihren Nutzen entfalten zu k\u00f6nnen. Im Folgenden er\u00f6rtern wir diese Dienste und die jeweilige Verwendung der Daten im Einzelnen.<\/p>\n\n\n\n<h2 class=\"wp-block-heading\">Google Fonts und Font Awesome<\/h2>\n\n\n\n<p>Dieser Webauftritt verwendet zur einheitlichen und ansprechenden Darstellung Schriftarten von Google und Fonticons. Damit diese angezeigt werden k\u00f6nnen, holt Ihr Browser sie von den entsprechenden externen Servern ab und \u00fcbermittelt dabei dieselben Nutzungsdaten, wie wenn Sie auf einen Link geklickt h\u00e4tten. Google selbst versichert, dass diese Daten nur f\u00fcr den technischen Betrieb verwendet und nicht mit den Daten Ihres Google-Kontos verkn\u00fcpft werden (<a href=\"https:\/\/developers.google.com\/fonts\/faq\">https:\/\/developers.google.com\/fonts\/faq<\/a>). Auch Fonticons achtet sehr auf Datenschutz und hat f\u00fcr die EU und die Schweiz extra eine Kontaktadresse eingerichtet (<a href=\"https:\/\/fontawesome.com\/privacy\">https:\/\/fontawesome.com\/privacy<\/a>).<\/p>\n\n\n\n<h2 class=\"wp-block-heading\">Datenspeicherung und Statistik<\/h2>\n\n\n\n<p>Wie bei jeder Verbindung mit einem Webserver protokolliert und speichert der Server unseres Hosting-Partners Cyon in Basel (Schweiz) bestimmte technische Daten. Dazu geh\u00f6ren die IP-Adresse und das Betriebssystem Ihres Ger\u00e4ts, Datum und Zeitpunkt des Zugriffs, die Art des Browsers sowie die Herkunftsseite der Anfrage (Referrer). Dies ist aus technischen Gr\u00fcnden erforderlich, um Ihnen unsere Webseite zur Verf\u00fcgung zu stellen. Ihre Angaben werden dabei stets verschl\u00fcsselt \u00fcbertragen (https). Unser Partner sch\u00fctzt die Daten mit diversen technischen und organisatorischen Massnahmen vor unerlaubten Zugriffen und gibt sie nicht an Dritte weiter.<\/p>\n\n\n\n<p>Zu statistischen Zwecken werden dieselben Angaben von Google Analytics anonymisiert gespeichert und ausgewertet. Damit erhalten wir Aufschluss \u00fcber die Verwendung unserer Angebote und k\u00f6nnen sie zielgerichtet optimieren. Um die Zuordnung der Nutzungsdaten zu gew\u00e4hrleisten, setzt Google Analytics ein eigenes Cookie ein.<\/p>\n\n\n\n<p>Zudem wird unsere komplette Website aus Sicherheitsgr\u00fcnden t\u00e4glich auf einen externen Server kopiert (Off-site-Backup). Diese Sicherungskopien werden einige Tage lang separat in einem Tresor aufbewahrt. Sie enthalten unter anderem die gesamte Datenbank inkl. Ihrer pers\u00f6nlichen Daten, sofern diese von uns gespeichert wurden. Die Kopien sind nur f\u00fcr den Provider zug\u00e4nglich und werden nur im Notfall eingesetzt, um nach einem Datenverlust einen fr\u00fcheren Zustand wieder herzustellen.<\/p>\n","protected":false},"excerpt":{"rendered":"<p>Verantwortlich f\u00fcr den Inhalt der Seiten: Picture-Planet GmbH Gertrudstrasse 17 CH-8400 Winterthur Tel. 052 551 04 40 info@picture-planet.ch Gegr\u00fcndet 2001 UID CHE-102.077.190 Datenschutzerkl\u00e4rung Der Schutz Ihrer pers\u00f6nlichen Daten ist uns sehr wichtig. Unsere Webseite kann deshalb grunds\u00e4tzlich ohne jede Angabe personenbezogener Daten genutzt werden. F\u00fcr einige Funktionen setzen wir allerdings Technologien ein, die gewisse Daten &#8230; <a title=\"Impressum &#038; Datenschutzerkl\u00e4rung\" class=\"read-more\" href=\"https:\/\/arnold-bittlinger.ch\/index.php\/impressum-datenschutzerklaerung\/\" aria-label=\"Read more about Impressum &#038; Datenschutzerkl\u00e4rung\">mehr&#8230;<\/a><\/p>\n","protected":false},"author":2,"featured_media":0,"parent":0,"menu_order":0,"comment_status":"closed","ping_status":"closed","template":"","meta":{"footnotes":""},"class_list":["post-89","page","type-page","status-publish"],"_links":{"self":[{"href":"https:\/\/arnold-bittlinger.ch\/index.php\/wp-json\/wp\/v2\/pages\/89","targetHints":{"allow":["GET"]}}],"collection":[{"href":"https:\/\/arnold-bittlinger.ch\/index.php\/wp-json\/wp\/v2\/pages"}],"about":[{"href":"https:\/\/arnold-bittlinger.ch\/index.php\/wp-json\/wp\/v2\/types\/page"}],"author":[{"embeddable":true,"href":"https:\/\/arnold-bittlinger.ch\/index.php\/wp-json\/wp\/v2\/users\/2"}],"replies":[{"embeddable":true,"href":"https:\/\/arnold-bittlinger.ch\/index.php\/wp-json\/wp\/v2\/comments?post=89"}],"version-history":[{"count":2,"href":"https:\/\/arnold-bittlinger.ch\/index.php\/wp-json\/wp\/v2\/pages\/89\/revisions"}],"predecessor-version":[{"id":92,"href":"https:\/\/arnold-bittlinger.ch\/index.php\/wp-json\/wp\/v2\/pages\/89\/revisions\/92"}],"wp:attachment":[{"href":"https:\/\/arnold-bittlinger.ch\/index.php\/wp-json\/wp\/v2\/media?parent=89"}],"curies":[{"name":"wp","href":"https:\/\/api.w.org\/{rel}","templated":true}]}}